{"id":1611,"date":"2025-06-07T18:07:31","date_gmt":"2025-06-07T16:07:31","guid":{"rendered":"https:\/\/visionworxx.at\/web\/?page_id=1611"},"modified":"2025-06-07T18:27:58","modified_gmt":"2025-06-07T16:27:58","slug":"impressum","status":"publish","type":"page","link":"https:\/\/visionworxx.at\/web\/impressum\/","title":{"rendered":"Impressum"},"content":{"rendered":"<h1>Impressum<\/h1>\n<h1>Firmenanschrift<\/h1>\n<ul>\n<li>\n<div>\n<h3>VISION:WORXX e.U.<\/h3>\n<\/div>\n<\/li>\n<li>\n<p><a href=\"https:\/\/www.google.at\/maps\/dir\/''\/visionworxx\/data=!4m5!4m4!1m0!1m2!1m1!1s0x476d07db31a99e75:0xb44a87eb581d0b10?sa=X&#038;ved=0ahUKEwj-nMeC65bMAhVBaRQKHQg6BWcQ9RcIcDAS\">Fuchsthallergasse 12, A- 1090 Wien<\/a><\/p>\n<\/li>\n<li>\n<p><a href=\"tel:+436763259677\">+43 676 325 96 77<\/a><\/p>\n<\/li>\n<li>\n<p><a href=\"mailto:web@visionworxx.at\">web@visionworxx.at<\/a><\/p>\n<\/li>\n<\/ul>\n<h1>Firmendetails<\/h1>\n<ul>\n<li>\n<div>\n<div class=\"el-content uk-panel\"><span>Firmenbuchnummer: FN301107F<\/span><\/div>\n<\/div>\n<\/li>\n<li>\n<div>\n<div class=\"el-content uk-panel\"><span>Firmenbuchgericht: Handelsgericht Wien<\/span><\/div>\n<\/div>\n<\/li>\n<li>\n<div>\n<div class=\"el-content uk-panel\"><span>UID: ATU64142537<\/span><\/div>\n<\/div>\n<\/li>\n<li>\n<p><a href=\"\/web\/wp-content\/uploads\/2025\/06\/visionworxxAGB2025.pdf\"><\/p>\n<div class=\"el-content uk-panel\"><a href=\"https:\/\/visionworxx.at\/web\/wp-content\/uploads\/2025\/06\/visionworxxAGB2025.pdf\" target=\"_blank\" class=\"el-link uk-margin-remove-last-child\" rel=\"noopener\"><span>Es gelten unsere\u00a0<\/span>Allgemeinen Gesch\u00e4ftsbedingungen (Werbeagentur)<\/a><\/div>\n<p><\/a><\/p>\n<\/li>\n<li>\n<div><span>Mitglied der Wirtschaftskammer Wien, FG Werbung und Marktkommunikation | Werbeagentur\u00a0<\/span><\/div>\n<\/li>\n<li>\n<p>        <img decoding=\"async\" src=\"\/web\/wp-content\/uploads\/2025\/06\/ecg-e1749123761371.jpg\" alt=\"\"><\/p>\n<\/li>\n<\/ul>\n<h1>Das Kleingedruckte<\/h1>\n<div>\n<h3 class=\"uk-h3\" data-id=\"page#1-0-0-4\">HAFTUNG F\u00dcR INHALTE<\/h3>\n<div class=\"uk-panel uk-margin uk-width-xlarge\" data-id=\"page#1-0-0-5\" data-element=\"\">\n<p>Trotz gr\u00f6\u00dftm\u00f6glicher Sorgfalt kann keine Haftung f\u00fcr die Korrektheit, Vollst\u00e4ndigkeit und Aktualit\u00e4t der Inhalte dieser Webseite \u00fcbernommen werden. \u00c4nderungen bleiben vorbehalten. Alle hier abrufbaren Informationen werden nur zum Zweck allgemeiner Information bereitgestellt und stellen in keinem Falle eine verbindliche Auskunft dar. Es wird keine Haftung f\u00fcr jedwede direkten oder indirekten Sch\u00e4den bzw. Folgesch\u00e4den, die sich aus der Nutzung dieser Webseite ergeben, \u00fcbernommen. Dieser Haftungsausschluss beinhaltet auch Sch\u00e4den durch Computerviren, Computerw\u00fcrmer, Trojaner oder \u00e4hnliche Schadsoftware. Unser Angebot enth\u00e4lt Links zu externen Webseiten Dritter, auf deren Inhalte wir keinen Einfluss haben. Externe Webseiten sind von dieser Website g\u00e4nzlich unabh\u00e4ngig und entziehen sich unserer Einflussnahme sowie Kontrolle. F\u00fcr Inhalte externer Websites wird daher keine Verantwortung \u00fcbernommen, vor allem nicht f\u00fcr ihre Richtigkeit, Vollst\u00e4ndigkeit, Aktualit\u00e4t oder Gesetzm\u00e4\u00dfigkeit.<\/p>\n<h3>URHEBERRECHT<\/h3>\n<p>Alle Inhalte und Werke auf unserer Seite unterliegen dem Urheberrecht. Vervielf\u00e4ltigung, Bearbeitung, Verbreitung und jede Art der Verwertung bedarf der schriftlichen Zustimmung des jeweiligen Autors bzw. Erstellers (soweit nicht anders angegeben sowie im Rahmen der G\u00fcltigkeit des Urheberrechts). Downloads und Kopien dieser Seite sind nicht gestattet.<\/p>\n<h3>DATENSCHUTZ<\/h3>\n<p>Der Schutz Ihrer pers\u00f6nlichen Daten bei der Nutzung dieser Website ist uns ein besonderes Anliegen. Ihre pers\u00f6nlichen Daten werden daher ausschlie\u00dflich unter Einhaltung der geltenden datenschutzrechtlichen Bestimmungen und ausschlie\u00dflich zum Zwecke der Diensterbringung, sofern erforderlich, verarbeitet. Mehr dazu erfahren Sie in unserer <a href=\"https:\/\/visionworxx.at\/web\/datenschutz\/\">\u00bbDATENSCHUTZERKL\u00c4RUNG<\/a><\/p>\n<\/div>\n<\/div>\n<p><p>\n        <a href=\"\/web\/kontakt\/\">Kontakt<\/a>\n    <\/p>\n<\/p>\n<p><p>\n        <a href=\"\/web\/impressum\/\">Impressum<\/a>\n    <\/p>\n<\/p>\n<p><p>\n        <a href=\"\/web\/datenschutz\/\">Datenschutz<\/a>\n    <\/p>\n<\/p>\n<p><!--more--><br \/>\n<!-- {\"type\":\"layout\",\"children\":[{\"type\":\"section\",\"props\":{\"image\":\"wp-content\\\/uploads\\\/2025\\\/06\\\/visionworxx_header_kontakt.jpg\",\"image_position\":\"center-center\",\"style\":\"default\",\"title_breakpoint\":\"xl\",\"title_position\":\"top-left\",\"title_rotation\":\"left\",\"vertical_align\":\"middle\",\"width\":\"default\"},\"children\":[{\"type\":\"row\",\"children\":[{\"type\":\"column\",\"props\":{\"image_position\":\"center-center\",\"position_sticky_breakpoint\":\"m\"},\"children\":[{\"type\":\"headline\",\"props\":{\"content\":\"Impressum\",\"title_element\":\"h1\"}}]}]}]},{\"type\":\"section\",\"props\":{\"image_position\":\"center-center\",\"style\":\"default\",\"title_breakpoint\":\"xl\",\"title_position\":\"top-left\",\"title_rotation\":\"left\",\"vertical_align\":\"middle\",\"width\":\"default\"},\"children\":[{\"type\":\"row\",\"children\":[{\"type\":\"column\",\"props\":{\"image_position\":\"center-center\",\"position_sticky_breakpoint\":\"m\",\"width_medium\":\"3-4\"},\"children\":[{\"type\":\"headline\",\"props\":{\"content\":\"Firmenanschrift\",\"title_element\":\"h1\"}},{\"type\":\"list\",\"props\":{\"column_breakpoint\":\"m\",\"image_align\":\"left\",\"image_svg_color\":\"emphasis\",\"image_vertical_align\":true,\"list_element\":\"ul\",\"list_horizontal_separator\":\", \",\"list_type\":\"vertical\",\"show_image\":true,\"show_link\":true},\"children\":[{\"type\":\"list_item\",\"props\":{\"content\":\"\n\n<h3>VISION:WORXX e.U.<\\\/h3>\"}},{\"type\":\"list_item\",\"props\":{\"content\":\"Fuchsthallergasse 12, A- 1090 Wien\",\"icon\":\"location\",\"link\":\"https:\\\/\\\/www.google.at\\\/maps\\\/dir\\\/''\\\/visionworxx\\\/data=!4m5!4m4!1m0!1m2!1m1!1s0x476d07db31a99e75:0xb44a87eb581d0b10?sa=X&ved=0ahUKEwj-nMeC65bMAhVBaRQKHQg6BWcQ9RcIcDAS\",\"link_target\":true}},{\"type\":\"list_item\",\"props\":{\"content\":\"+43 676 325 96 77\",\"icon\":\"receiver\",\"link\":\"tel:+436763259677\"}},{\"type\":\"list_item\",\"props\":{\"content\":\"web@visionworxx.at\",\"icon\":\"mail\",\"link\":\"mailto:web@visionworxx.at\"}}]},{\"type\":\"headline\",\"props\":{\"content\":\"Firmendetails\",\"title_element\":\"h1\"}},{\"type\":\"list\",\"props\":{\"column_breakpoint\":\"m\",\"image_align\":\"left\",\"image_svg_color\":\"emphasis\",\"image_vertical_align\":true,\"list_element\":\"ul\",\"list_horizontal_separator\":\", \",\"list_type\":\"vertical\",\"show_image\":true,\"show_link\":true},\"children\":[{\"type\":\"list_item\",\"props\":{\"content\":\"\n\n<div class=\\\"el-content uk-panel\\\"><span>Firmenbuchnummer: FN301107F<\\\/span><\\\/div>\",\"icon\":\"more\"}},{\"type\":\"list_item\",\"props\":{\"content\":\"\n\n<div class=\\\"el-content uk-panel\\\"><span>Firmenbuchgericht: Handelsgericht Wien<\\\/span><\\\/div>\",\"icon\":\"more\"}},{\"type\":\"list_item\",\"props\":{\"content\":\"\n\n<div class=\\\"el-content uk-panel\\\"><span>UID: ATU64142537<\\\/span><\\\/div>\",\"icon\":\"more\"}},{\"type\":\"list_item\",\"props\":{\"content\":\"\n\n<div class=\\\"el-content uk-panel\\\"><a href=\\\"https:\\\/\\\/visionworxx.at\\\/web\\\/wp-content\\\/uploads\\\/2025\\\/06\\\/visionworxxAGB2025.pdf\\\" target=\\\"_blank\\\" class=\\\"el-link uk-margin-remove-last-child\\\" rel=\\\"noopener\\\"><span>Es gelten unsere\\u00a0<\\\/span>Allgemeinen Gesch\\u00e4ftsbedingungen (Werbeagentur)<\\\/a><\\\/div>\",\"icon\":\"more\",\"link\":\"wp-content\\\/uploads\\\/2025\\\/06\\\/visionworxxAGB2025.pdf\"}},{\"type\":\"list_item\",\"props\":{\"content\":\"<span>Mitglied der Wirtschaftskammer Wien, FG Werbung und Marktkommunikation | Werbeagentur\\u00a0<\\\/span>\",\"icon\":\"more\"}},{\"type\":\"list_item\",\"props\":{\"image\":\"wp-content\\\/uploads\\\/2025\\\/06\\\/ecg-e1749123761371.jpg\",\"link\":\"https:\\\/\\\/www.wkoecg.at\\\/Ecg.aspx?FirmaID=45e38de9-517d-4039-ac9f-c5ae7033c2b3\",\"link_target\":true}}]},{\"type\":\"headline\",\"props\":{\"content\":\"Das Kleingedruckte\",\"title_element\":\"h1\"}},{\"type\":\"text\",\"props\":{\"column_breakpoint\":\"m\",\"content\":\"\n\n<h3 class=\\\"uk-h3\\\" data-id=\\\"page#1-0-0-4\\\">HAFTUNG F\\u00dcR INHALTE<\\\/h3>\\n\n\n<div class=\\\"uk-panel uk-margin uk-width-xlarge\\\" data-id=\\\"page#1-0-0-5\\\" data-element=\\\"\\\">\\n\n\n<p>Trotz gr\\u00f6\\u00dftm\\u00f6glicher Sorgfalt kann keine Haftung f\\u00fcr die Korrektheit, Vollst\\u00e4ndigkeit und Aktualit\\u00e4t der Inhalte dieser Webseite \\u00fcbernommen werden. \\u00c4nderungen bleiben vorbehalten. Alle hier abrufbaren Informationen werden nur zum Zweck allgemeiner Information bereitgestellt und stellen in keinem Falle eine verbindliche Auskunft dar. Es wird keine Haftung f\\u00fcr jedwede direkten oder indirekten Sch\\u00e4den bzw. Folgesch\\u00e4den, die sich aus der Nutzung dieser Webseite ergeben, \\u00fcbernommen. Dieser Haftungsausschluss beinhaltet auch Sch\\u00e4den durch Computerviren, Computerw\\u00fcrmer, Trojaner oder \\u00e4hnliche Schadsoftware. Unser Angebot enth\\u00e4lt Links zu externen Webseiten Dritter, auf deren Inhalte wir keinen Einfluss haben. Externe Webseiten sind von dieser Website g\\u00e4nzlich unabh\\u00e4ngig und entziehen sich unserer Einflussnahme sowie Kontrolle. F\\u00fcr Inhalte externer Websites wird daher keine Verantwortung \\u00fcbernommen, vor allem nicht f\\u00fcr ihre Richtigkeit, Vollst\\u00e4ndigkeit, Aktualit\\u00e4t oder Gesetzm\\u00e4\\u00dfigkeit.<\\\/p>\\n\n\n<h3>URHEBERRECHT<\\\/h3>\\n\n\n<p>Alle Inhalte und Werke auf unserer Seite unterliegen dem Urheberrecht. Vervielf\\u00e4ltigung, Bearbeitung, Verbreitung und jede Art der Verwertung bedarf der schriftlichen Zustimmung des jeweiligen Autors bzw. Erstellers (soweit nicht anders angegeben sowie im Rahmen der G\\u00fcltigkeit des Urheberrechts). Downloads und Kopien dieser Seite sind nicht gestattet.<\\\/p>\\n\n\n<h3>DATENSCHUTZ<\\\/h3>\\n\n\n<p>Der Schutz Ihrer pers\\u00f6nlichen Daten bei der Nutzung dieser Website ist uns ein besonderes Anliegen. Ihre pers\\u00f6nlichen Daten werden daher ausschlie\\u00dflich unter Einhaltung der geltenden datenschutzrechtlichen Bestimmungen und ausschlie\\u00dflich zum Zwecke der Diensterbringung, sofern erforderlich, verarbeitet. Mehr dazu erfahren Sie in unserer <a href=\\\"https:\\\/\\\/visionworxx.at\\\/web\\\/datenschutz\\\/\\\">\\u00bbDATENSCHUTZERKL\\u00c4RUNG<\\\/a><\\\/p>\\n<\\\/div>\",\"margin\":\"default\"}}]},{\"type\":\"column\",\"props\":{\"image_position\":\"center-center\",\"position_sticky_breakpoint\":\"m\",\"width_medium\":\"1-4\"},\"children\":[{\"type\":\"button\",\"props\":{\"grid_column_gap\":\"small\",\"grid_row_gap\":\"small\",\"margin\":\"default\"},\"children\":[{\"type\":\"button_item\",\"props\":{\"button_style\":\"primary\",\"content\":\"Kontakt\",\"dialog_layout\":\"modal\",\"dialog_offcanvas_flip\":true,\"icon_align\":\"left\",\"link\":\"kontakt\\\/\"}}]},{\"type\":\"button\",\"props\":{\"grid_column_gap\":\"small\",\"grid_row_gap\":\"small\",\"margin\":\"default\"},\"children\":[{\"type\":\"button_item\",\"props\":{\"button_style\":\"default\",\"content\":\"Impressum\",\"dialog_layout\":\"modal\",\"dialog_offcanvas_flip\":true,\"icon_align\":\"left\",\"link\":\"impressum\\\/\"}}]},{\"type\":\"button\",\"props\":{\"grid_column_gap\":\"small\",\"grid_row_gap\":\"small\",\"margin\":\"default\"},\"children\":[{\"type\":\"button_item\",\"props\":{\"button_style\":\"primary\",\"content\":\"Datenschutz\",\"dialog_layout\":\"modal\",\"dialog_offcanvas_flip\":true,\"icon_align\":\"left\",\"link\":\"datenschutz\\\/\"}}]}]}],\"props\":{\"layout\":\"3-4,1-4\"}}]}],\"version\":\"4.5.19\"} --><\/p>\n","protected":false},"excerpt":{"rendered":"<p>Impressum Firmenanschrift VISION:WORXX e.U. Fuchsthallergasse 12, A- 1090 Wien +43 676 325 96 77 web@visionworxx.at Firmendetails Firmenbuchnummer: FN301107F Firmenbuchgericht: Handelsgericht Wien UID: ATU64142537 Es gelten unsere\u00a0Allgemeinen Gesch\u00e4ftsbedingungen (Werbeagentur) Mitglied der Wirtschaftskammer Wien, FG Werbung und Marktkommunikation | Werbeagentur\u00a0 Das Kleingedruckte HAFTUNG F\u00dcR INHALTE Trotz gr\u00f6\u00dftm\u00f6glicher Sorgfalt kann keine Haftung f\u00fcr die Korrektheit, Vollst\u00e4ndigkeit und Aktualit\u00e4t [&hellip;]<\/p>\n","protected":false},"author":1,"featured_media":0,"parent":0,"menu_order":3,"comment_status":"closed","ping_status":"closed","template":"","meta":{"_acf_changed":false,"footnotes":""},"class_list":["post-1611","page","type-page","status-publish","hentry"],"acf":[],"_links":{"self":[{"href":"https:\/\/visionworxx.at\/web\/wp-json\/wp\/v2\/pages\/1611","targetHints":{"allow":["GET"]}}],"collection":[{"href":"https:\/\/visionworxx.at\/web\/wp-json\/wp\/v2\/pages"}],"about":[{"href":"https:\/\/visionworxx.at\/web\/wp-json\/wp\/v2\/types\/page"}],"author":[{"embeddable":true,"href":"https:\/\/visionworxx.at\/web\/wp-json\/wp\/v2\/users\/1"}],"replies":[{"embeddable":true,"href":"https:\/\/visionworxx.at\/web\/wp-json\/wp\/v2\/comments?post=1611"}],"version-history":[{"count":28,"href":"https:\/\/visionworxx.at\/web\/wp-json\/wp\/v2\/pages\/1611\/revisions"}],"predecessor-version":[{"id":1639,"href":"https:\/\/visionworxx.at\/web\/wp-json\/wp\/v2\/pages\/1611\/revisions\/1639"}],"wp:attachment":[{"href":"https:\/\/visionworxx.at\/web\/wp-json\/wp\/v2\/media?parent=1611"}],"curies":[{"name":"wp","href":"https:\/\/api.w.org\/{rel}","templated":true}]}}