{"id":160,"date":"2019-08-22T08:32:55","date_gmt":"2019-08-22T08:32:55","guid":{"rendered":"https:\/\/visionworxx.at\/web\/?p=160"},"modified":"2025-06-10T14:09:17","modified_gmt":"2025-06-10T12:09:17","slug":"ueberuns","status":"publish","type":"page","link":"https:\/\/visionworxx.at\/web\/ueberuns\/","title":{"rendered":"\u00dcber uns"},"content":{"rendered":"<h1>\n<div data-uk-parallax=\"{viewport: 1,velocity: 0.5,opacity: '1.0,0.0',x: '0,200'}\">Marketer aus Leidenschaft.<br \/>Mit Herz, Hirn und Verstand.<\/div>\n<\/h1>\n<p><img decoding=\"async\" src=\"\/web\/wp-content\/uploads\/yootheme\/about-rightx.svg\" alt=\"\"><\/p>\n<h2>\n<h2 align=\"left\"><span class=\"ueberschrift\">VISION:WORXX\u00a0steht f\u00fcr und auf Marketing &amp; Kommunikation<\/span><\/h2>\n<\/h2>\n<div>\n<p><span>Wir beraten unsere Kunden (und die, die es werden wollen) allumfassend, fokussieren bei Kommunikationsthemen auf Marketingaspekte und betreuen nicht nur gerne und langfristig, sondern auch konzeptionell, strategisch sowie operativ. <\/span><\/p>\n<p><span>Kein Ei gleicht dem anderen, kein Tag ist wie der vorherige. Daher wird bei uns die Realisierung jedes Auftrags individuell dem jeweiligen Unternehmen und seinen Anforderungen und Bed\u00fcrfnissen angepasst. <\/span><\/p>\n<p><span>Wir arbeiten gerne und oft mit unterschiedlichsten Experten zusammen, die uns bei der optimalen Umsetzung unterst\u00fctzen. So kann bei gr\u00f6\u00dftm\u00f6glicher Flexibilit\u00e4t immer die beste L\u00f6sung f\u00fcr die Unternehmen unserer Kunden zusammengestellt, angeboten und umgesetzt werden.<\/span><\/p>\n<\/div>\n<p><img decoding=\"async\" src=\"\/web\/wp-content\/uploads\/yootheme\/about-01.png\" alt=\"\"><br \/>\n<img decoding=\"async\" src=\"\/web\/wp-content\/uploads\/background-splash-blue.png\" alt=\"\"><\/p>\n<h2>\n<h2 align=\"left\"><span class=\"ueberschrift\">Der Mensch im Mittelpunkt \u2013 Qualifikation aus Leidenschaft.<\/span><\/h2>\n<\/h2>\n<div>\n<p><span>Wir sind kommunizierende Marketer aus Leidenschaft. <br \/><\/span><span>Mit Herz, Hirn und Verstand.<\/span><\/p>\n<p><span>Aus Kunden-, Anwender-, Unternehmens- und Agentur-Sicht kennen wir die Bed\u00fcrfnisse und W\u00fcnsche aller Beteiligten und verstehen es diese zu erf\u00fcllen und zu \u00fcbertreffen. <\/span><\/p>\n<p><span>Als Onlinemedien.Kinder der ersten Stunde haben wir uns seit den Anf\u00e4ngen mit dem Medium Internet besch\u00e4ftigt und uns mit dessen Materie und Potential beruflich wie privat auseinander gesetzt. <\/span><\/p>\n<p><span>Unser praktisches KnowHow und beruflichen Erfahrungen in der Kommunikations-, Medien- und Onlinebranche werden abgerundet durch unsere akademische Ausbildung.<\/span><\/p>\n<\/div>\n<p><img decoding=\"async\" src=\"\/web\/wp-content\/uploads\/yootheme\/about-03.png\" alt=\"\"><br \/>\n<img decoding=\"async\" src=\"\/web\/wp-content\/uploads\/background-splash-blue.png\" alt=\"\"><\/p>\n<h2>\n<h2><span class=\"ueberschrift\">Das gro\u00dfe Ganze sehen und verstehen: Erfolg durch ganzheitliches Marketing.<\/span><\/h2>\n<\/h2>\n<div>\n<p><span>Gemeinsam mit Ihnen planen, realisieren und betreuen wir wo auch immer unsere Unterst\u00fctzung gew\u00fcnscht ist. Als Ihr langfristiger Partner beginnen wir damit, Ihnen zuzuh\u00f6ren und schauen uns ganz genau an, was Sie brauchen. Denn es geht um Ihre Prozesse, Anforderungen und Ziele. Wir kennen unterschiedliche M\u00f6glichkeiten und aus dem Zuh\u00f6ren entsteht gemeinsam mit Ihnen die Basis f\u00fcr Ihr optimales Marketing-&amp; Kommunikations-Konzept. <\/span><\/p>\n<p><span>Wir beraten und betreuen Sie allumfassend, fokussieren bei Kommunikationsthemen auf Marketingaspektet und betreuen nicht nur gerne und langfristig, sondern auch konzeptionell, strategisch sowie operativ.<\/span><\/p>\n<p><span>Ein gut durchdachtes Marketingkonzept das sich als roter Faden durch alle Kommunikations-Medien zieht, garantiert lang anhaltenden Erfolg. Denn so wie Sie Ihr Unternehmen dem neuesten Stand der Wissenschaft oder Technik anpassen, ist es auch wichtig, Ihr Auftreten nach au\u00dfen hin zeitgem\u00e4\u00df zu halten. Ob Corporate Identity Elemente oder Unternehmens-Website: Wer will sie nicht, die effizienten Hilfsmittel zur Kundenbindung und Neugewinnung.<\/span><\/p>\n<p><span>Egal ob Konzept oder Strategie, Layout oder Gestaltung, Webknowhow oder Sounddesign: VISION:WORXX bietet kompetente Rundum-Betreuung!<\/span><\/p>\n<\/div>\n<p><!--more--><br \/>\n<!-- {\"type\":\"layout\",\"children\":[{\"type\":\"section\",\"props\":{\"animation\":\"fade\",\"animation_delay\":false,\"header_transparent\":true,\"header_transparent_text_color\":\"dark\",\"image_effect\":\"parallax\",\"image_parallax_bgy\":\"0,-600\",\"image_parallax_easing\":\"1\",\"image_position\":\"top-right\",\"padding\":\"large\",\"padding_remove_bottom\":false,\"style\":\"muted\",\"text_color\":\"light\",\"title_breakpoint\":\"xl\",\"title_position\":\"top-left\",\"title_rotation\":\"left\",\"vertical_align\":\"\",\"video\":\"wp-content\\\/uploads\\\/2025\\\/06\\\/visionworxx_home_referenzen_10sec.mp4\",\"width\":\"xlarge\"},\"children\":[{\"type\":\"row\",\"props\":{\"layout\":\"3-4,1-4\",\"margin\":\"xlarge\"},\"children\":[{\"type\":\"column\",\"props\":{\"image_position\":\"center-center\",\"position_sticky_breakpoint\":\"m\",\"width_small\":\"3-4\"},\"children\":[{\"type\":\"headline\",\"props\":{\"content\":\"\n\n<div data-uk-parallax=\\\"{viewport: 1,velocity: 0.5,opacity: '1.0,0.0',x: '0,200'}\\\">Marketer aus Leidenschaft.<br \\\/>Mit Herz, Hirn und Verstand.<\\\/div>\",\"position\":\"relative\",\"position_z_index\":\"3\",\"title_element\":\"h1\",\"title_style\":\"heading-medium\"}}]},{\"type\":\"column\",\"props\":{\"image_position\":\"center-center\",\"position_sticky_breakpoint\":\"m\",\"width_small\":\"1-4\"},\"children\":[{\"type\":\"image\",\"props\":{\"animation\":\"parallax\",\"css\":\".el-image { max-width: 45vw; }\",\"image\":\"wp-content\\\/uploads\\\/yootheme\\\/about-rightx.svg\",\"image_loading\":true,\"image_svg_color\":\"emphasis\",\"margin\":\"default\",\"parallax_easing\":\"0.5\",\"parallax_y\":\"5vh,-7vh\",\"position\":\"absolute\",\"position_right\":\"-80\",\"position_top\":\"-10vh\",\"position_z_index\":\"0\",\"text_align\":\"right\"}}]}]}],\"name\":\"About\"},{\"type\":\"section\",\"props\":{\"image_position\":\"center-center\",\"style\":\"default\",\"title_breakpoint\":\"xl\",\"title_position\":\"top-left\",\"title_rotation\":\"left\",\"vertical_align\":\"middle\",\"width\":\"default\"},\"children\":[{\"type\":\"row\",\"props\":{\"layout\":\"2-3,1-3\"},\"children\":[{\"type\":\"column\",\"props\":{\"image_position\":\"center-center\",\"position_sticky_breakpoint\":\"m\",\"width_medium\":\"2-3\"},\"children\":[{\"type\":\"headline\",\"props\":{\"content\":\"\n\n<h2 align=\\\"left\\\"><span class=\\\"ueberschrift\\\">VISION:WORXX\\u00a0steht f\\u00fcr und auf Marketing &amp; Kommunikation<\\\/span><\\\/h2>\",\"margin\":\"medium\",\"position\":\"relative\",\"title_element\":\"h2\"}},{\"type\":\"text\",\"props\":{\"column\":\"1-2\",\"column_breakpoint\":\"m\",\"content\":\"\n\n<p><span>Wir beraten unsere Kunden (und die, die es werden wollen) allumfassend, fokussieren bei Kommunikationsthemen auf Marketingaspekte und betreuen nicht nur gerne und langfristig, sondern auch konzeptionell, strategisch sowie operativ. <\\\/span><\\\/p>\\n\n\n<p><span>Kein Ei gleicht dem anderen, kein Tag ist wie der vorherige. Daher wird bei uns die Realisierung jedes Auftrags individuell dem jeweiligen Unternehmen und seinen Anforderungen und Bed\\u00fcrfnissen angepasst. <\\\/span><\\\/p>\\n\n\n<p><span>Wir arbeiten gerne und oft mit unterschiedlichsten Experten zusammen, die uns bei der optimalen Umsetzung unterst\\u00fctzen. So kann bei gr\\u00f6\\u00dftm\\u00f6glicher Flexibilit\\u00e4t immer die beste L\\u00f6sung f\\u00fcr die Unternehmen unserer Kunden zusammengestellt, angeboten und umgesetzt werden.<\\\/span><\\\/p>\",\"margin\":\"default\",\"position\":\"relative\"}}]},{\"type\":\"column\",\"props\":{\"image_position\":\"center-center\",\"position_sticky_breakpoint\":\"m\",\"width_medium\":\"1-3\"}}]},{\"type\":\"row\",\"props\":{\"column_gap\":\"large\",\"layout\":\"1-2,1-2\",\"margin\":\"xlarge\"},\"children\":[{\"type\":\"column\",\"props\":{\"image_position\":\"center-center\",\"position_sticky_breakpoint\":\"m\",\"width_medium\":\"1-2\"},\"children\":[{\"type\":\"image\",\"props\":{\"animation\":\"parallax\",\"image\":\"wp-content\\\/uploads\\\/yootheme\\\/about-01.png\",\"image_border\":\"rounded\",\"image_loading\":true,\"image_svg_color\":\"emphasis\",\"image_width\":\"765\",\"margin\":\"large\",\"parallax_easing\":\"1\",\"parallax_y\":\"-5vh,3vh\",\"position\":\"relative\",\"position_right\":\"90\",\"position_top\":\"2vh\",\"text_align\":\"center\",\"text_align_breakpoint\":\"m\",\"text_align_fallback\":\"right\"}},{\"type\":\"image\",\"props\":{\"animation\":\"parallax\",\"css\":\".el-image { max-width: 30vw; }\",\"image\":\"wp-content\\\/uploads\\\/background-splash-blue.png\",\"image_svg_color\":\"emphasis\",\"margin\":\"default\",\"parallax_easing\":\"1\",\"parallax_y\":\"5vh,-5vh\",\"position\":\"absolute\",\"position_bottom\":\"6vh\",\"position_right\":\"34%\",\"text_align\":\"center\"}}]},{\"type\":\"column\",\"props\":{\"image_position\":\"center-center\",\"position_sticky_breakpoint\":\"m\",\"vertical_align\":\"middle\",\"width_medium\":\"1-2\"},\"children\":[{\"type\":\"headline\",\"props\":{\"content\":\"\n\n<h2 align=\\\"left\\\"><span class=\\\"ueberschrift\\\">Der Mensch im Mittelpunkt \\u2013 Qualifikation aus Leidenschaft.<\\\/span><\\\/h2>\",\"maxwidth\":\"xlarge\",\"title_element\":\"h2\",\"title_style\":\"h1\"}},{\"type\":\"text\",\"props\":{\"column_breakpoint\":\"m\",\"content\":\"\n\n<p><span>Wir sind kommunizierende Marketer aus Leidenschaft. <br \\\/><\\\/span><span>Mit Herz, Hirn und Verstand.<\\\/span><\\\/p>\\n\n\n<p><span>Aus Kunden-, Anwender-, Unternehmens- und Agentur-Sicht kennen wir die Bed\\u00fcrfnisse und W\\u00fcnsche aller Beteiligten und verstehen es diese zu erf\\u00fcllen und zu \\u00fcbertreffen. <\\\/span><\\\/p>\\n\n\n<p><span>Als Onlinemedien.Kinder der ersten Stunde haben wir uns seit den Anf\\u00e4ngen mit dem Medium Internet besch\\u00e4ftigt und uns mit dessen Materie und Potential beruflich wie privat auseinander gesetzt. <\\\/span><\\\/p>\\n\n\n<p><span>Unser praktisches KnowHow und beruflichen Erfahrungen in der Kommunikations-, Medien- und Onlinebranche werden abgerundet durch unsere akademische Ausbildung.<\\\/span><\\\/p>\",\"margin\":\"medium\"}}]}]}]},{\"type\":\"section\",\"props\":{\"animation\":\"slide-bottom-small\",\"id\":\"cta\",\"image_position\":\"center-center\",\"style\":\"muted\",\"title_breakpoint\":\"xl\",\"title_position\":\"top-left\",\"title_rotation\":\"left\",\"vertical_align\":\"\",\"width\":\"xlarge\"},\"children\":[{\"type\":\"row\",\"props\":{\"column_gap\":\"large\",\"layout\":\"1-2,1-2\"},\"children\":[{\"type\":\"column\",\"props\":{\"image_position\":\"center-center\",\"position_sticky_breakpoint\":\"m\",\"vertical_align\":\"middle\",\"width_medium\":\"1-2\"},\"children\":[{\"type\":\"image\",\"props\":{\"animation\":\"parallax\",\"css\":\".el-image { max-width: 40vw; }\",\"image\":\"wp-content\\\/uploads\\\/yootheme\\\/about-03.png\",\"image_svg_color\":\"emphasis\",\"image_width\":\"460\",\"margin\":\"default\",\"parallax_easing\":\"1\",\"parallax_y\":\"0,-3vh\",\"position\":\"absolute\",\"position_bottom\":\"20%\",\"position_right\":\"50\",\"position_z_index\":\"2\",\"text_align\":\"center\"}},{\"type\":\"image\",\"props\":{\"animation\":\"parallax\",\"css\":\".el-image { max-width: 70vw; }\",\"image\":\"wp-content\\\/uploads\\\/background-splash-blue.png\",\"image_svg_color\":\"emphasis\",\"margin\":\"default\",\"parallax_easing\":\"1\",\"parallax_y\":\"-3vh,3vh\",\"position\":\"relative\",\"position_right\":\"-60\",\"position_z_index\":\"0\",\"text_align\":\"center\",\"text_align_breakpoint\":\"m\"}}]},{\"type\":\"column\",\"props\":{\"image_position\":\"center-center\",\"order_first\":\"m\",\"position_sticky_breakpoint\":\"m\",\"vertical_align\":\"middle\",\"width_medium\":\"1-2\"},\"children\":[{\"type\":\"headline\",\"props\":{\"content\":\"\n\n<h2><span class=\\\"ueberschrift\\\">Das gro\\u00dfe Ganze sehen und verstehen: Erfolg durch ganzheitliches Marketing.<\\\/span><\\\/h2>\",\"position\":\"relative\",\"position_z_index\":\"3\",\"title_element\":\"h2\",\"title_style\":\"heading-small\"}},{\"type\":\"text\",\"props\":{\"column_breakpoint\":\"m\",\"content\":\"\n\n<p><span>Gemeinsam mit Ihnen planen, realisieren und betreuen wir wo auch immer unsere Unterst\\u00fctzung gew\\u00fcnscht ist. Als Ihr langfristiger Partner beginnen wir damit, Ihnen zuzuh\\u00f6ren und schauen uns ganz genau an, was Sie brauchen. Denn es geht um Ihre Prozesse, Anforderungen und Ziele. Wir kennen unterschiedliche M\\u00f6glichkeiten und aus dem Zuh\\u00f6ren entsteht gemeinsam mit Ihnen die Basis f\\u00fcr Ihr optimales Marketing-&amp; Kommunikations-Konzept. <\\\/span><\\\/p>\\n\n\n<p><span>Wir beraten und betreuen Sie allumfassend, fokussieren bei Kommunikationsthemen auf Marketingaspektet und betreuen nicht nur gerne und langfristig, sondern auch konzeptionell, strategisch sowie operativ.<\\\/span><\\\/p>\\n\n\n<p><span>Ein gut durchdachtes Marketingkonzept das sich als roter Faden durch alle Kommunikations-Medien zieht, garantiert lang anhaltenden Erfolg. Denn so wie Sie Ihr Unternehmen dem neuesten Stand der Wissenschaft oder Technik anpassen, ist es auch wichtig, Ihr Auftreten nach au\\u00dfen hin zeitgem\\u00e4\\u00df zu halten. Ob Corporate Identity Elemente oder Unternehmens-Website: Wer will sie nicht, die effizienten Hilfsmittel zur Kundenbindung und Neugewinnung.<\\\/span><\\\/p>\\n\n\n<p><span>Egal ob Konzept oder Strategie, Layout oder Gestaltung, Webknowhow oder Sounddesign: VISION:WORXX bietet kompetente Rundum-Betreuung!<\\\/span><\\\/p>\",\"margin\":\"medium\"}}]}]}],\"name\":\"Call to Action\"},{\"type\":\"section\",\"props\":{\"animation\":\"fade\",\"id\":\"license-faq\",\"image\":\"wp-content\\\/uploads\\\/yootheme\\\/bottom-bg.svg\",\"image_effect\":\"parallax\",\"image_parallax_bgx\":\"-120,-120\",\"image_parallax_bgy\":\"420,120\",\"image_parallax_easing\":\"0.5\",\"image_position\":\"bottom-left\",\"image_size\":\"contain\",\"padding\":\"large\",\"padding_remove_top\":false,\"status\":\"disabled\",\"style\":\"muted\",\"title_breakpoint\":\"xl\",\"title_position\":\"top-left\",\"title_rotation\":\"left\",\"vertical_align\":\"\",\"width\":\"small\"},\"children\":[{\"type\":\"row\",\"props\":{\"column_gap\":\"collapse\",\"margin\":\"xlarge\",\"row_gap\":\"collapse\",\"width\":\"default\"},\"children\":[{\"type\":\"column\",\"props\":{\"image_position\":\"center-center\",\"position_sticky_breakpoint\":\"m\",\"width_medium\":\"1-1\"},\"children\":[{\"type\":\"headline\",\"props\":{\"content\":\"License & FAQ\",\"text_align\":\"center\",\"text_align_breakpoint\":\"m\",\"title_element\":\"h2\",\"title_style\":\"heading-medium\"}}]}]},{\"type\":\"row\",\"props\":{\"layout\":\"1-4,3-4\",\"margin\":\"large\"},\"children\":[{\"type\":\"column\",\"props\":{\"image_position\":\"center-center\",\"position_sticky_breakpoint\":\"m\",\"width_medium\":\"1-4\"},\"children\":[{\"type\":\"headline\",\"props\":{\"content\":\"Resources\",\"title_decoration\":\"bullet\",\"title_element\":\"h3\",\"title_style\":\"h4\"}}]},{\"type\":\"column\",\"props\":{\"image_position\":\"center-center\",\"position_sticky_breakpoint\":\"m\",\"width_medium\":\"3-4\"},\"children\":[{\"type\":\"accordion\",\"props\":{\"collapsible\":true,\"content_column_breakpoint\":\"m\",\"image_align\":\"top\",\"image_grid_breakpoint\":\"m\",\"image_grid_width\":\"1-2\",\"image_svg_color\":\"emphasis\",\"link_style\":\"default\",\"link_text\":\"Read more\",\"multiple\":true,\"show_image\":true,\"show_link\":true},\"children\":[{\"type\":\"accordion_item\",\"props\":{\"content\":\"Lorem ipsum dolor sit amet, consectetur adipiscing elit, sed do eiusmod tempor incididunt ut labore et dolore magna aliqua. Ut enim ad minim veniam, quis nostrud exercitation ullamco laboris nisi ut aliquip ex ea commodo consequat.\\n\",\"title\":\"Where do you get the resources from?\"}},{\"type\":\"accordion_item\",\"props\":{\"content\":\"Lorem ipsum dolor sit amet, consectetur adipiscing elit, sed do eiusmod tempor incididunt ut labore et dolore magna aliqua. Ut enim ad minim veniam, quis nostrud exercitation ullamco laboris nisi ut aliquip ex ea commodo consequat.  Curabitur ullamcorper ultricies nisi. Nam eget dui. Etiam rhoncus. Maecenas tempus, tellus eget condimentum rhoncus, sem quam semper libero, sit amet adipiscing sem neque sed ipsum.\\n\",\"title\":\"How do I download a resource?\"}}]}]}]},{\"type\":\"row\",\"props\":{\"layout\":\"1-4,3-4\",\"margin\":\"large\"},\"children\":[{\"type\":\"column\",\"props\":{\"image_position\":\"center-center\",\"position_sticky_breakpoint\":\"m\",\"width_medium\":\"1-4\"},\"children\":[{\"type\":\"headline\",\"props\":{\"content\":\"License\",\"title_decoration\":\"bullet\",\"title_element\":\"h3\",\"title_style\":\"h4\"}}]},{\"type\":\"column\",\"props\":{\"image_position\":\"center-center\",\"position_sticky_breakpoint\":\"m\",\"width_medium\":\"3-4\"},\"children\":[{\"type\":\"accordion\",\"props\":{\"collapsible\":true,\"content_column_breakpoint\":\"m\",\"image_align\":\"top\",\"image_grid_breakpoint\":\"m\",\"image_grid_width\":\"1-2\",\"image_svg_color\":\"emphasis\",\"link_style\":\"default\",\"link_text\":\"Read more\",\"multiple\":true,\"show_image\":true,\"show_link\":true},\"children\":[{\"type\":\"accordion_item\",\"props\":{\"content\":\"Lorem ipsum dolor sit amet, consectetur adipiscing elit, sed do eiusmod tempor incididunt ut labore et dolore magna aliqua. Ut enim ad minim veniam, quis nostrud exercitation ullamco laboris nisi ut aliquip ex ea commodo consequat.\\n\",\"title\":\"Can I use your resources for commercial purposes?\"}},{\"type\":\"accordion_item\",\"props\":{\"content\":\"Lorem ipsum dolor sit amet, consectetur adipiscing elit, sed do eiusmod tempor incididunt ut labore et dolore magna aliqua. Ut enim ad minim veniam, quis nostrud exercitation ullamco laboris nisi ut aliquip ex ea commodo consequat.  Curabitur ullamcorper ultricies nisi. Nam eget dui. Etiam rhoncus. Maecenas tempus, tellus eget condimentum rhoncus, sem quam semper libero, sit amet adipiscing sem neque sed ipsum.\\n\",\"title\":\"Are there any limitations on the number of resources available for download?\"}},{\"type\":\"accordion_item\",\"props\":{\"content\":\"Nam eget dui. Etiam rhoncus. Maecenas tempus, tellus eget condimentum rhoncus, sem quam semper libero, sit amet adipiscing sem neque sed ipsum.\",\"title\":\"Can I redistribute the resources I downloaded?\"}},{\"type\":\"accordion_item\",\"props\":{\"content\":\"Labore et dolore magna aliqua. Ut enim ad minim veniam, quis nostrud exercitation ullamco laboris nisi ut aliquip ex ea commodo consequat. Curabitur ullamcorper ultricies nisi. Nam eget dui. Etiam rhoncus. Maecenas tempus, tellus eget condimentum rhoncus, sem quam semper libero, sit amet adipiscing sem neque sed ipsum.\",\"title\":\"Can I link your resource on my website?\"}}]}]}]},{\"type\":\"row\",\"props\":{\"layout\":\"1-4,3-4\",\"margin\":\"large\"},\"children\":[{\"type\":\"column\",\"props\":{\"image_position\":\"center-center\",\"position_sticky_breakpoint\":\"m\",\"width_medium\":\"1-4\"},\"children\":[{\"type\":\"headline\",\"props\":{\"content\":\"Support\",\"title_decoration\":\"bullet\",\"title_element\":\"h3\",\"title_style\":\"h4\"}}]},{\"type\":\"column\",\"props\":{\"image_position\":\"center-center\",\"position_sticky_breakpoint\":\"m\",\"width_medium\":\"3-4\"},\"children\":[{\"type\":\"accordion\",\"props\":{\"collapsible\":true,\"content_column_breakpoint\":\"m\",\"image_align\":\"top\",\"image_grid_breakpoint\":\"m\",\"image_grid_width\":\"1-2\",\"image_svg_color\":\"emphasis\",\"link_style\":\"default\",\"link_text\":\"Read more\",\"multiple\":true,\"show_image\":true,\"show_link\":true},\"children\":[{\"type\":\"accordion_item\",\"props\":{\"content\":\"Lorem ipsum dolor sit amet, consectetur adipiscing elit, sed do eiusmod tempor incididunt ut labore et dolore magna aliqua. Ut enim ad minim veniam, quis nostrud exercitation ullamco laboris nisi ut aliquip ex ea commodo consequat.\\n\",\"title\":\"I can no longer download resources.\"}},{\"type\":\"accordion_item\",\"props\":{\"content\":\"Lorem ipsum dolor sit amet, consectetur adipiscing elit, sed do eiusmod tempor incididunt ut labore et dolore magna aliqua. Ut enim ad minim veniam, quis nostrud exercitation ullamco laboris nisi ut aliquip ex ea commodo consequat.  Curabitur ullamcorper ultricies nisi. Nam eget dui. Etiam rhoncus. Maecenas tempus, tellus eget condimentum rhoncus, sem quam semper libero, sit amet adipiscing sem neque sed ipsum.\\n\",\"title\":\"My resources are no longer visible on my website.\"}}]}]}]},{\"type\":\"row\",\"props\":{\"layout\":\"1-4,3-4\",\"margin\":\"large\"},\"children\":[{\"type\":\"column\",\"props\":{\"image_position\":\"center-center\",\"position_sticky_breakpoint\":\"m\",\"width_medium\":\"1-4\"},\"children\":[{\"type\":\"headline\",\"props\":{\"content\":\"Contributions\",\"title_decoration\":\"bullet\",\"title_element\":\"h3\",\"title_style\":\"h4\"}}]},{\"type\":\"column\",\"props\":{\"image_position\":\"center-center\",\"position_sticky_breakpoint\":\"m\",\"width_medium\":\"3-4\"},\"children\":[{\"type\":\"accordion\",\"props\":{\"collapsible\":true,\"content_column_breakpoint\":\"m\",\"image_align\":\"top\",\"image_grid_breakpoint\":\"m\",\"image_grid_width\":\"1-2\",\"image_svg_color\":\"emphasis\",\"link_style\":\"default\",\"link_text\":\"Read more\",\"multiple\":true,\"show_image\":true,\"show_link\":true},\"children\":[{\"type\":\"accordion_item\",\"props\":{\"content\":\"Lorem ipsum dolor sit amet, consectetur adipiscing elit, sed do eiusmod tempor incididunt labore dolore magna aliqua. Ut enim ad minim veniam, quis nostrud exercitation ullamco laboris nisi ut aliquip ex ea commodo consequat.\\n\",\"title\":\"Can I contribute to your resource collection?\"}},{\"type\":\"accordion_item\",\"props\":{\"content\":\"Lorem ipsum dolor sit amet, consectetur adipiscing elit, sed do eiusmod tempor incididunt ut labore et dolore magna aliqua. Ut enim ad minim veniam, quis nostrud exercitation ullamco laboris nisi ut aliquip ex ea commodo consequat.  Curabitur ullamcorper ultricies nisi. Nam eget dui. Etiam rhoncus. Maecenas tempus, tellus eget condimentum rhoncus, sem quam semper libero, sit amet adipiscing sem neque sed ipsum.\\n\",\"title\":\"I submitted resources, but they are not available on your site.\"}}]}]}]},{\"type\":\"row\",\"props\":{\"column_gap\":\"collapse\",\"margin\":\"xlarge\",\"row_gap\":\"collapse\",\"width\":\"default\"},\"children\":[{\"type\":\"column\",\"props\":{\"image_position\":\"center-center\",\"position_sticky_breakpoint\":\"m\",\"style\":\"tile-secondary\",\"width_medium\":\"1-1\"},\"children\":[{\"type\":\"panel\",\"props\":{\"block_align\":\"center\",\"content\":\"Lorem ipsum dolor sit amet, consectetur adipiscing elit, sed do eiusmod tempor incididunt ut labore et dolore magna aliqua. Maecenas tempus, tellus eget condimentum semper libero.\",\"content_column_breakpoint\":\"m\",\"icon_width\":80,\"image_align\":\"top\",\"image_grid_breakpoint\":\"m\",\"image_grid_width\":\"1-2\",\"image_svg_color\":\"emphasis\",\"link\":\"mailto:info@example.com\",\"link_margin\":\"medium\",\"link_style\":\"default\",\"link_text\":\"Contact Us\",\"margin\":\"default\",\"maxwidth\":\"2xlarge\",\"meta_align\":\"below-title\",\"meta_element\":\"div\",\"meta_style\":\"text-meta\",\"text_align\":\"center\",\"title\":\"Any questions left?\",\"title_align\":\"top\",\"title_element\":\"h2\",\"title_grid_breakpoint\":\"m\",\"title_grid_width\":\"1-2\",\"title_hover_style\":\"reset\",\"title_style\":\"h2\"}}]}]}],\"name\":\"faq\"}],\"version\":\"4.5.19\"} --><\/p>\n","protected":false},"excerpt":{"rendered":"<p>Marketer aus Leidenschaft.Mit Herz, Hirn und Verstand. VISION:WORXX\u00a0steht f\u00fcr und auf Marketing &amp; Kommunikation Wir beraten unsere Kunden (und die, die es werden wollen) allumfassend, fokussieren bei Kommunikationsthemen auf Marketingaspekte und betreuen nicht nur gerne und langfristig, sondern auch konzeptionell, strategisch sowie operativ. Kein Ei gleicht dem anderen, kein Tag ist wie der vorherige. Daher [&hellip;]<\/p>\n","protected":false},"author":1,"featured_media":0,"parent":0,"menu_order":1,"comment_status":"open","ping_status":"open","template":"","meta":{"_acf_changed":false,"footnotes":""},"class_list":["post-160","page","type-page","status-publish","hentry"],"acf":[],"_links":{"self":[{"href":"https:\/\/visionworxx.at\/web\/wp-json\/wp\/v2\/pages\/160","targetHints":{"allow":["GET"]}}],"collection":[{"href":"https:\/\/visionworxx.at\/web\/wp-json\/wp\/v2\/pages"}],"about":[{"href":"https:\/\/visionworxx.at\/web\/wp-json\/wp\/v2\/types\/page"}],"author":[{"embeddable":true,"href":"https:\/\/visionworxx.at\/web\/wp-json\/wp\/v2\/users\/1"}],"replies":[{"embeddable":true,"href":"https:\/\/visionworxx.at\/web\/wp-json\/wp\/v2\/comments?post=160"}],"version-history":[{"count":26,"href":"https:\/\/visionworxx.at\/web\/wp-json\/wp\/v2\/pages\/160\/revisions"}],"predecessor-version":[{"id":1676,"href":"https:\/\/visionworxx.at\/web\/wp-json\/wp\/v2\/pages\/160\/revisions\/1676"}],"wp:attachment":[{"href":"https:\/\/visionworxx.at\/web\/wp-json\/wp\/v2\/media?parent=160"}],"curies":[{"name":"wp","href":"https:\/\/api.w.org\/{rel}","templated":true}]}}