{"id":1413,"date":"2025-06-05T13:51:05","date_gmt":"2025-06-05T11:51:05","guid":{"rendered":"https:\/\/visionworxx.at\/web\/?page_id=1413"},"modified":"2025-06-08T12:32:41","modified_gmt":"2025-06-08T10:32:41","slug":"kontakt","status":"publish","type":"page","link":"https:\/\/visionworxx.at\/web\/kontakt\/","title":{"rendered":"Kontakt"},"content":{"rendered":"<h1>Kontakt<\/h1>\n<h1>\n<h1 uk-scrollspy-class=\"\" class=\"uk-scrollspy-inview\">Wir sind f\u00fcr Sie da<\/h1>\n<p>Auf Augenh\u00f6he und mit Handschlagqualit\u00e4t.<\/h1>\n<div>\n<p>Sie finden uns im wundersch\u00f6nen Schubertviertel hinter der Volksoper, unweit der Wiener Innenstadt. Schreiben Sie uns, rufen Sie uns an oder kommen Sie auf ein pers\u00f6nliches Gespr\u00e4ch vorbei. <br \/>Wir freuen uns auf Sie!<\/p>\n<\/div>\n<hr>\n<ul>\n<li>\n<h3>Pers\u00f6nlich.<\/h3>\n<p><a href=\"https:\/\/www.google.at\/maps\/dir\/''\/visionworxx\/data=!4m5!4m4!1m0!1m2!1m1!1s0x476d07db31a99e75:0xb44a87eb581d0b10?sa=X&#038;ved=0ahUKEwj-nMeC65bMAhVBaRQKHQg6BWcQ9RcIcDAS\">9., Fuchsthallerg. 12<\/a><\/p>\n<\/li>\n<li>\n<h3>Telefonisch.<\/h3>\n<p><a href=\"tel:+436763259677\">+43 6767 325 96 77<\/a><\/p>\n<\/li>\n<li>\n<h3>Schriftlich.<\/h3>\n<p><a href=\"mailto:web@visionworxx.at\">web@visionworxx.at<\/a><\/p>\n<\/li>\n<\/ul>\n<hr>\n<div>\n<h3><\/h3>\n<h3>Unsere Leistungen\u00a0<\/h3>\n<ul>\n<li>Erfolgsorientiertes Marketing \u2013 Kompetenz aus einer Hand\u00a0<\/li>\n<li>Von A wie Analyse bis Z wie Zielkontrolle\u00a0<\/li>\n<li>Individuelle, ma\u00dfgeschneiderte L\u00f6sungen\u00a0<\/li>\n<li>Wir arbeiten f\u00fcr Sie konzeptionell, strategisch sowie operativ<\/li>\n<\/ul>\n<h3>Unser Motto<\/h3>\n<p>Das gro\u00dfe Ganze sehen und verstehen: Erfolg durch ganzheitliches Marketing.\u00a0<\/p>\n<\/p>\n<h3>Unsere \u00d6ffnungszeiten<\/h3>\n<p>F\u00fcr unsere Kunden arbeiten wir gerne und das zu jeder m\u00f6glichen und unm\u00f6glichen Uhrzeit! Sie erreichen uns werktags am Besten zwischen 10 und 18 Uhr<\/p>\n<\/div>\n<p>[users]<\/p>\n<h2>\n<p>VISION:WORXX<\/p>\n<\/h2>\n<ul>\n<li>\n<p><a href=\"https:\/\/www.google.at\/maps\/dir\/''\/visionworxx\/data=!4m5!4m4!1m0!1m2!1m1!1s0x476d07db31a99e75:0xb44a87eb581d0b10?sa=X&#038;ved=0ahUKEwj-nMeC65bMAhVBaRQKHQg6BWcQ9RcIcDAS\"><span>1090 Wien, Fuchsthallergasse 12<\/span><\/a><\/p>\n<\/li>\n<li>\n<p><a href=\"tel:+436763259677\">+43 676 325 96 77<\/a><\/p>\n<\/li>\n<li>\n<p><a href=\"mailto:web@visionworxx.at\">web@visionworxx.at<\/a><\/p>\n<\/li>\n<\/ul>\n<ul>\n<li>\n<p><a href=\"\/web\/datenschutz\/\">Datenschutz<\/a><\/p>\n<\/li>\n<li>\n<p><a href=\"\/web\/impressum\/\">Impressum<\/a><\/p>\n<\/li>\n<\/ul>\n<p><!--more--><br \/>\n<!-- {\"type\":\"layout\",\"children\":[{\"type\":\"section\",\"props\":{\"header_transparent\":true,\"header_transparent_noplaceholder\":false,\"header_transparent_text_color\":\"dark\",\"image_effect\":\"parallax\",\"image_loading\":true,\"image_parallax_bgx\":\"-80,-80\",\"image_parallax_bgy\":\"200,180\",\"image_parallax_easing\":\"1\",\"image_position\":\"bottom-left\",\"image_size\":\"contain\",\"image_width\":\"1900\",\"padding\":\"xlarge\",\"style\":\"muted\",\"title_breakpoint\":\"xl\",\"title_position\":\"top-left\",\"title_rotation\":\"left\",\"vertical_align\":\"\",\"video\":\"wp-content\\\/uploads\\\/2025\\\/06\\\/visionworxx_home_kontakt_10sec.mp4\",\"width\":\"xlarge\"},\"children\":[{\"type\":\"row\",\"children\":[{\"type\":\"column\",\"props\":{\"image_position\":\"center-center\",\"position_sticky_breakpoint\":\"m\"},\"children\":[{\"type\":\"headline\",\"props\":{\"content\":\"Kontakt\",\"text_align\":\"center\",\"title_element\":\"h1\",\"title_style\":\"heading-large\"}}]}]}],\"name\":\"Kontakt\"},{\"type\":\"section\",\"props\":{\"image_position\":\"center-center\",\"style\":\"muted\",\"title_breakpoint\":\"xl\",\"title_position\":\"top-left\",\"title_rotation\":\"left\",\"vertical_align\":\"middle\",\"width\":\"default\"},\"children\":[{\"type\":\"row\",\"props\":{\"layout\":\"2-3,1-3\"},\"children\":[{\"type\":\"column\",\"props\":{\"image_position\":\"center-center\",\"position_sticky_breakpoint\":\"m\",\"width_medium\":\"2-3\"},\"children\":[{\"type\":\"headline\",\"props\":{\"content\":\"\n\n<h1 uk-scrollspy-class=\\\"\\\" class=\\\"uk-scrollspy-inview\\\">Wir sind f\\u00fcr Sie da<\\\/h1>\\nAuf Augenh\\u00f6he und mit Handschlagqualit\\u00e4t.\",\"title_element\":\"h1\"}},{\"type\":\"text\",\"props\":{\"column_breakpoint\":\"m\",\"content\":\"\n\n<p>Sie finden uns im wundersch\\u00f6nen Schubertviertel hinter der Volksoper, unweit der Wiener Innenstadt. Schreiben Sie uns, rufen Sie uns an oder kommen Sie auf ein pers\\u00f6nliches Gespr\\u00e4ch vorbei. <br \\\/>Wir freuen uns auf Sie!<\\\/p>\",\"margin\":\"default\"}},{\"type\":\"divider\",\"props\":{\"divider_element\":\"hr\"}},{\"type\":\"grid\",\"props\":{\"content_column_breakpoint\":\"m\",\"filter_align\":\"left\",\"filter_all\":true,\"filter_grid_breakpoint\":\"m\",\"filter_grid_width\":\"auto\",\"filter_position\":\"top\",\"filter_style\":\"tab\",\"grid_column_align\":false,\"grid_default\":\"1\",\"grid_medium\":\"3\",\"grid_row_align\":false,\"icon_width\":80,\"image_align\":\"top\",\"image_grid_breakpoint\":\"m\",\"image_grid_width\":\"1-2\",\"image_link\":true,\"image_svg_color\":\"emphasis\",\"item_animation\":true,\"lightbox_bg_close\":true,\"link_style\":\"primary\",\"link_target\":true,\"link_text\":\"Read more\",\"margin\":\"default\",\"meta_align\":\"below-title\",\"meta_element\":\"div\",\"meta_style\":\"text-meta\",\"show_content\":true,\"show_hover_image\":true,\"show_hover_video\":true,\"show_image\":true,\"show_link\":true,\"show_meta\":true,\"show_title\":true,\"show_video\":true,\"text_align\":\"center\",\"title_align\":\"top\",\"title_element\":\"h3\",\"title_grid_breakpoint\":\"m\",\"title_grid_width\":\"1-2\",\"title_hover_style\":\"reset\"},\"children\":[{\"type\":\"grid_item\",\"props\":{\"content\":\"\",\"icon\":\"location\",\"link\":\"https:\\\/\\\/www.google.at\\\/maps\\\/dir\\\/''\\\/visionworxx\\\/data=!4m5!4m4!1m0!1m2!1m1!1s0x476d07db31a99e75:0xb44a87eb581d0b10?sa=X&ved=0ahUKEwj-nMeC65bMAhVBaRQKHQg6BWcQ9RcIcDAS\",\"link_text\":\"9., Fuchsthallerg. 12\",\"title\":\"Pers\\u00f6nlich.\"}},{\"type\":\"grid_item\",\"props\":{\"content\":\"\",\"icon\":\"receiver\",\"link\":\"tel:+436763259677\",\"link_text\":\"+43 6767 325 96 77\",\"title\":\"Telefonisch.\"}},{\"type\":\"grid_item\",\"props\":{\"content\":\"\",\"icon\":\"mail\",\"link\":\"mailto:web@visionworxx.at\",\"link_text\":\"web@visionworxx.at\",\"title\":\"Schriftlich.\"}}]},{\"type\":\"divider\",\"props\":{\"divider_element\":\"hr\"}},{\"type\":\"text\",\"props\":{\"column_breakpoint\":\"m\",\"content\":\"\n\n<h3><\\\/h3>\\n\n\n<h3>Unsere Leistungen\\u00a0<\\\/h3>\\n\n\n<ul>\\n\n\n<li>Erfolgsorientiertes Marketing \\u2013 Kompetenz aus einer Hand\\u00a0<\\\/li>\\n\n\n<li>Von A wie Analyse bis Z wie Zielkontrolle\\u00a0<\\\/li>\\n\n\n<li>Individuelle, ma\\u00dfgeschneiderte L\\u00f6sungen\\u00a0<\\\/li>\\n\n\n<li>Wir arbeiten f\\u00fcr Sie konzeptionell, strategisch sowie operativ<\\\/li>\\n<\\\/ul>\\n\n\n<p><\\\/p>\\n\n\n<h3>Unser Motto<\\\/h3>\\n\n\n<p>Das gro\\u00dfe Ganze sehen und verstehen: Erfolg durch ganzheitliches Marketing.\\u00a0<\\\/p>\\n\n\n<p><\\\/p>\\n\n\n<h3>Unsere \\u00d6ffnungszeiten<\\\/h3>\\n\n\n<p>F\\u00fcr unsere Kunden arbeiten wir gerne und das zu jeder m\\u00f6glichen und unm\\u00f6glichen Uhrzeit! Sie erreichen uns werktags am Besten zwischen 10 und 18 Uhr<\\\/p>\",\"margin\":\"default\"}},{\"type\":\"divider\",\"props\":{\"divider_element\":\"hr\",\"status\":\"disabled\"}},{\"type\":\"text\",\"props\":{\"column_breakpoint\":\"m\",\"content\":\"\n\n<p><span>Juchu, Sie wollen mit uns in Kontakt treten? Das ist fein!<\\\/span><br \\\/><span>F\\u00fcllen Sie einfach das untenstehende Formular aus und wir melden uns umgehend bei Ihnen. Beachten Sie bitte, dass die mit Stern (*) gekennzeichneten Felder ausgef\\u00fcllt werden m\\u00fcssen.<\\\/span><\\\/p>\",\"margin\":\"default\",\"status\":\"disabled\"}}]},{\"type\":\"column\",\"props\":{\"image_position\":\"center-center\",\"position_sticky_breakpoint\":\"m\",\"width_medium\":\"1-3\"},\"children\":[{\"type\":\"icon\",\"props\":{\"icon\":\"users\",\"icon_width\":60,\"margin\":\"default\"}},{\"type\":\"headline\",\"props\":{\"content\":\"\n\n<p>VISION:WORXX<\\\/p>\",\"title_element\":\"h2\",\"title_style\":\"h3\"}},{\"type\":\"list\",\"props\":{\"column_breakpoint\":\"m\",\"image_align\":\"left\",\"image_svg_color\":\"emphasis\",\"image_vertical_align\":true,\"list_element\":\"ul\",\"list_horizontal_separator\":\", \",\"list_size\":\"collapse\",\"list_type\":\"vertical\",\"show_image\":true,\"show_link\":true},\"children\":[{\"type\":\"list_item\",\"props\":{\"content\":\"<span>1090 Wien, Fuchsthallergasse 12<\\\/span>\",\"icon\":\"location\",\"link\":\"https:\\\/\\\/www.google.at\\\/maps\\\/dir\\\/''\\\/visionworxx\\\/data=!4m5!4m4!1m0!1m2!1m1!1s0x476d07db31a99e75:0xb44a87eb581d0b10?sa=X&ved=0ahUKEwj-nMeC65bMAhVBaRQKHQg6BWcQ9RcIcDAS\",\"link_target\":true}},{\"type\":\"list_item\",\"props\":{\"content\":\"+43 676 325 96 77\",\"icon\":\"receiver\",\"link\":\"tel:+436763259677\",\"link_target\":true}},{\"type\":\"list_item\",\"props\":{\"content\":\"web@visionworxx.at\",\"icon\":\"mail\",\"link\":\"mailto:web@visionworxx.at\",\"link_target\":true}}]},{\"type\":\"list\",\"props\":{\"column_breakpoint\":\"m\",\"image_align\":\"left\",\"image_svg_color\":\"emphasis\",\"image_vertical_align\":true,\"list_element\":\"ul\",\"list_horizontal_separator\":\", \",\"list_type\":\"vertical\",\"show_image\":true,\"show_link\":true},\"children\":[{\"type\":\"list_item\",\"props\":{\"content\":\"Datenschutz\",\"icon\":\"arrow-right\",\"link\":\"datenschutz\\\/\"}},{\"type\":\"list_item\",\"props\":{\"content\":\"Impressum\",\"icon\":\"arrow-right\",\"link\":\"impressum\\\/\"}}]}]}]}]}],\"version\":\"4.5.19\"} --><\/p>\n","protected":false},"excerpt":{"rendered":"<p>Kontakt Wir sind f\u00fcr Sie da Auf Augenh\u00f6he und mit Handschlagqualit\u00e4t. Sie finden uns im wundersch\u00f6nen Schubertviertel hinter der Volksoper, unweit der Wiener Innenstadt. Schreiben Sie uns, rufen Sie uns an oder kommen Sie auf ein pers\u00f6nliches Gespr\u00e4ch vorbei. Wir freuen uns auf Sie! Pers\u00f6nlich. 9., Fuchsthallerg. 12 Telefonisch. +43 6767 325 96 77 Schriftlich. [&hellip;]<\/p>\n","protected":false},"author":1,"featured_media":0,"parent":0,"menu_order":3,"comment_status":"open","ping_status":"open","template":"","meta":{"_acf_changed":false,"footnotes":""},"class_list":["post-1413","page","type-page","status-publish","hentry"],"acf":[],"_links":{"self":[{"href":"https:\/\/visionworxx.at\/web\/wp-json\/wp\/v2\/pages\/1413","targetHints":{"allow":["GET"]}}],"collection":[{"href":"https:\/\/visionworxx.at\/web\/wp-json\/wp\/v2\/pages"}],"about":[{"href":"https:\/\/visionworxx.at\/web\/wp-json\/wp\/v2\/types\/page"}],"author":[{"embeddable":true,"href":"https:\/\/visionworxx.at\/web\/wp-json\/wp\/v2\/users\/1"}],"replies":[{"embeddable":true,"href":"https:\/\/visionworxx.at\/web\/wp-json\/wp\/v2\/comments?post=1413"}],"version-history":[{"count":39,"href":"https:\/\/visionworxx.at\/web\/wp-json\/wp\/v2\/pages\/1413\/revisions"}],"predecessor-version":[{"id":1675,"href":"https:\/\/visionworxx.at\/web\/wp-json\/wp\/v2\/pages\/1413\/revisions\/1675"}],"wp:attachment":[{"href":"https:\/\/visionworxx.at\/web\/wp-json\/wp\/v2\/media?parent=1413"}],"curies":[{"name":"wp","href":"https:\/\/api.w.org\/{rel}","templated":true}]}}