{"id":1346,"date":"2024-05-20T01:04:03","date_gmt":"2024-05-19T23:04:03","guid":{"rendered":"https:\/\/visionworxx.at\/web\/?page_id=1346"},"modified":"2025-06-07T18:41:20","modified_gmt":"2025-06-07T16:41:20","slug":"datenschutz","status":"publish","type":"page","link":"https:\/\/visionworxx.at\/web\/datenschutz\/","title":{"rendered":"Datenschutz"},"content":{"rendered":"<h1>Datenschutzerkl\u00e4rung<\/h1>\n<div>\n<p>Der Schutz Ihrer pers\u00f6nlichen Daten ist uns ein besonderes Anliegen. Daher verarbeiten wir Ihre Daten ausschlie\u00dflich auf Grundlage der gesetzlichen Bestimmungen. In unserer Datenschutzinformation informieren wir Sie \u00fcber die wichtigsten Aspekte der Datenverarbeitung im Rahmen dieser Website.<\/p>\n<h3>PERS\u00d6NLICHE DATEN<\/h3>\n<p>Ihre pers\u00f6nlichen Daten, die Sie auf dieser Website elektronisch \u00fcbermitteln (z. B.: Name, E-Mail-Adresse, Adresse oder \u00e4hnliche pers\u00f6nliche Angaben), werden von uns nur zum jeweils angegebenen Zweck verwendet, sicher verwahrt und nicht an Dritte weitergegeben.<br \/>Der Provider erhebt und speichert automatisch Informationen am Webserver wie verwendeter Browser, Betriebssystem, Verweisseite, IP-Adresse, Uhrzeit des Zugriffs usw. Diese Daten k\u00f6nnen ohne Pr\u00fcfung weiterer Datenquellen keinen bestimmten Personen zugeordnet werden und wir werten diese Daten auch nicht weiter aus solange keine rechtswidrige Nutzung unserer Webseite vorliegt.<\/p>\n<h3>COOKIES<\/h3>\n<p>Unsere Website verwendet so genannte Cookies. Dies sind kleinen Textdateien, die mit Hilfe des Browsers auf Ihrem Endger\u00e4t (PC, Smartphone, Tablets, etc.) auf den Nutzer bezogene Informationen speichern. Sie richten keinen Schaden an.\u00a0<br \/>Wir nutzen Cookies dazu, um unser Angebot nutzerfreundlich zu gestalten sowie die Nutzungsh\u00e4ufigkeit und die Anzahl der Nutzer unserer Website zu ermitteln. Einige Cookies bleiben auf Ihrem Endger\u00e4t gespeichert, bis Sie diese l\u00f6schen. Sie erm\u00f6glichen es uns, Ihren Browser beim n\u00e4chsten Besuch wiederzuerkennen.\u00a0Wenn Sie dies nicht w\u00fcnschen, so k\u00f6nnen Sie Ihren Browser so einrichten, dass er Sie \u00fcber das Setzen von Cookies informiert und Sie dies nur im Einzelfall erlauben.\u00a0Bei der Deaktivierung von Cookies kann die Funktionalit\u00e4t unserer Website eingeschr\u00e4nkt sein.\u00a0<\/p>\n<h3>GOOGLE ANALYTICS<\/h3>\n<p>Diese Website benutzt, so wie viele andere auch, Google Analytics, einen Webanalysedienst der Google Inc. (\u201eGoogle\u201c), um eine Analyse der Benutzung der Website zu erm\u00f6glichen. Dabei werden nachstehende Daten erhoben, gespeichert und ausgewertet: Browsertyp, Betriebssystem, Land, Datum, Uhrzeit und Dauer des Zugriffs, IP-Adresse, besuchte Seiten, Ein- und Ausstiegsseiten. Die Daten werden nicht dazu verwendet den Besucher dieser Website pers\u00f6nlich zu identifizieren, es erfolgt somit kein Profiling.<\/p>\n<p>Google Analytics wird nur mit aktivierter IP-Anonymisierung eingesetzt. Das bedeutet, Ihre IP-Adresse wird von Google innerhalb von Mitgliedstaaten der Europ\u00e4ischen Union oder in anderen Vertragsstaaten des Abkommens \u00fcber den Europ\u00e4ischen Wirtschaftsraum gek\u00fcrzt. Nur in Ausnahmef\u00e4llen wird die volle IP-Adresse an einen Server von Google in den USA \u00fcbertragen, dort gek\u00fcrzt und gespeichert. Google wird diese Informationen benutzen, um Ihre Nutzung dieser Website auszuwerten, um Reports \u00fcber die Websiteaktivit\u00e4ten f\u00fcr mich zusammenzustellen und um weitere mit der Websitenutzung und der Internetnutzung verbundene Dienstleistungen zu erbringen. Auch wird Google diese Informationen gegebenenfalls an Dritte \u00fcbertragen, sofern dies gesetzlich vorgeschrieben ist oder soweit Dritte diese Daten im Auftrag von Google verarbeiten. Google wird Ihre IP-Adresse nicht mit anderen Daten von Google in Verbindung bringen. Die Rechtsbeziehung zu Google Inc. basiert auf dem zwischen EU und den USA abgeschlossenen EU-US Datenschutzschild (\u201ePrivacy Shield\u201c). Durch die Nutzung dieser Website erkl\u00e4ren Sie sich mit der Bearbeitung der \u00fcber Sie erhobenen Daten durch die Google Inc. und deren Tochtergesellschaften in der zuvor beschriebenen Art und Weise und zu dem zuvor benannten Zweck einverstanden. Eine Haftung f\u00fcr das Verhalten der Google Inc. oder die Nutzung Ihrer Daten durch Google ist ausgeschlossen.<\/p>\n<p>Die Datenverarbeitung erfolgt auf Basis der gesetzlichen Bestimmungen des \u00a7 96 Abs 3 TKG, des Art 6 Abs 1 lit a (Einwilligung), Art 6 Abs 1 lit b (Vertragserf\u00fcllung \/ Vorvertrag), Art 6 Abs 1 lit c (Erf\u00fcllung rechtlicher Verpflichtungen) und\/oder f (berechtigtes Interesse) der DSGVO.<\/p>\n<p>Sie k\u00f6nnen die Speicherung der Cookies durch eine entsprechende Einstellung Ihrer Browser-Software verhindern; wir weisen Sie jedoch darauf hin, dass Sie in diesem Fall gegebenenfalls nicht s\u00e4mtliche Funktionen dieser Website vollumf\u00e4nglich werden nutzen k\u00f6nnen. Sie k\u00f6nnen dar\u00fcber hinaus die Erfassung der durch das Cookie erzeugten und auf Ihre Nutzung der Website bezogenen Daten (inkl. Ihrer IP-Adresse) an Google sowie die Verarbeitung dieser Daten durch Google verhindern, indem sie das<span>\u00a0<\/span><a href=\"http:\/\/tools.google.com\/dlpage\/gaoptout?hl=de\" target=\"_blank\" rel=\"noreferrer noopener\" aria-label=\"\u00bb verf\u00fcgbare Browser-Plugin herunterladen und installieren (\u00f6ffnet in neuem Tab)\">\u00bb verf\u00fcgbare Browser-Plugin herunterladen und installieren<\/a>.<\/p>\n<h3>GOOGLE MAPS<\/h3>\n<p>Unsere Website verwendet Google Maps f\u00fcr die Darstellung von Karteninformationen. Hierbei werden von Google auch Daten \u00fcber die Nutzung der Maps-Funktionen durch Besucher der Website erhoben, verarbeitet und genutzt. N\u00e4here Informationen \u00fcber die Datenverarbeitung durch Google k\u00f6nnen Sie den <a rel=\"noreferrer noopener\" aria-label=\"\u00bb Datenschutzhinweisen von Google (\u00f6ffnet in neuem Tab)\" href=\"http:\/\/www.google.at\/intl\/de\/policies\/privacy\/\" target=\"_blank\">\u00bb Datenschutzhinweisen von Google<\/a> entnehmen.<\/p>\n<h3>ALTERSGRENZE<\/h3>\n<p>Die Angebote auf unserer Website richten sich ausschlie\u00dflich und ausdr\u00fccklich an Personen, die das 16. Lebensjahr vollendet haben und ihre ausdr\u00fcckliche Einwilligung zur Datenverarbeitung entsprechend Art 8 Abs 1 DSGVO iVm Art 4 Abs 4 DSG erteilen k\u00f6nnen. Zum Nachweis des Alters \u00fcbermittelt der minderj\u00e4hrige Nutzer der Online-Anbote binnen 14 Tagen ab Versand der Terminanfrage eine Ausweiskopie mit Foto samt Eidesst\u00e4ttiger Erkl\u00e4rung \u00fcber sein Alter, sowie zus\u00e4tzlich eine Einwilligungserkl\u00e4rung der gesetzlichen Vertreter zur Datenverarbeitung. Die nationalen Bestimmungen des ABGB betreffend Vertragsabschl\u00fcsse mit Minderj\u00e4hrigen bleiben hievon unber\u00fchrt.<\/p>\n<h3>KONTAKTAUFAHME<\/h3>\n<p>Durch Verwendung des Kontaktformulars, Terminvereinbarunen oder Versenden einer Email an uns, nehmen Sie zur Kenntnis und stimmen ausdr\u00fccklich zu, dass Ihre angegebenen Daten zwecks Bearbeitung Ihrer Anfrage verarbeitet und gespeichert werden. Sie verpflichten sich zur Angabe ausschlie\u00dflich korrekter und ausschlie\u00dflich Ihre Person betreffende Daten. Sofern eine Anfrage f\u00fcr einen Dritten (Angeh\u00f6rige, Kinder, udgl) erfolgt, wird binnen 14 Tagen ab Kontaktaufnahme mit uns der schriftliche Nachweis der Einwilligung dieser Personen zur Datenverarbeitung erbracht. Sie nehmen zur Kenntnis und erkl\u00e4ren sich damit einverstanden, dass eine etwaige Emailkorrespondenz mit uns per unverschl\u00fcsselter Emails erfolgt.<\/p>\n<h3>IHRE RECHTE<\/h3>\n<p>Nach Erbringen eines ausreichenden Nachweises Ihrer Identit\u00e4t stehen Ihnen folgende Rechte zu:<\/p>\n<ul class=\"wp-block-list\">\n<li>Das Recht auf Auskunft, welche personenbezogenen Daten von Ihnen gespeichert werden<\/li>\n<li>Das Recht auf Berichtigung gespeicherter, personenbezogener Daten<\/li>\n<li>Das Recht auf L\u00f6schung der von Ihnen gespeicherten, personenbezogenen Daten<\/li>\n<li>Das Recht auf Einschr\u00e4nkung der Verarbeitung<\/li>\n<li>Das Recht auf Herausgabe gespeicherter, personenbezogener Daten (Recht auf Daten\u00fcbertragbarkeit)<\/li>\n<li>Das Recht auf Widerspruch gegen die Verarbeitung Ihrer personenbezogenen Daten<\/li>\n<li>Das Recht auf Widerruf einer erteilten Einverst\u00e4ndniserkl\u00e4rung, wobei die Rechtm\u00e4\u00dfigkeit der Verarbeitung Ihrer Daten bis zum Widerruf unber\u00fchrt bleibt<\/li>\n<\/ul>\n<p>Wenn die Verarbeitung auf Ihrer\u00a0Einwilligung beruht, haben Sie das Recht auf jederzeitigen Widerruf dieser Einwilligung. Der Widerruf ber\u00fchrt die Rechtm\u00e4\u00dfigkeit der aufgrund der Einwilligung bis zum Widerruf erfolgten Verarbeitung nicht. F\u00fcr den Fall, dass aufgrund des Widerrufs die weitere Mandatserf\u00fcllung durch mich nicht m\u00f6glich ist, behalte ich mir die Aufl\u00f6sung des Vollmachtverh\u00e4ltnisses vor.<\/p>\n<p>Um Ihre Rechte auszu\u00fcben senden Sie uns bitte ein Email, einen Brief oder vereinbaren Sie einen pers\u00f6nlichen Termin unter Mitnahme eines g\u00fcltigen Lichtbildausweises (zB Reisepass, F\u00fchrerschein). Unsere Kontaktdaten entnehmen Sie bitte unserem<span>\u00a0<\/span>&lt;u<a href=\"https:\/\/visionworxx.at\/web\/impressum\/\">\u00bb IMPRESSUM<\/a>.<\/p>\n<p>Wenn Sie der Meinung sind, dass die Verarbeitung Ihrer Daten gegen das Datenschutzrecht verst\u00f6\u00dft oder Ihre datenschutzrechtlichen Anspr\u00fcche sonst in einer Weise verletzt worden sind, k\u00f6nnen Sie sich bei der Aufsichtsbeh\u00f6rde beschweren. In \u00d6sterreich ist dies die<span>\u00a0<\/span><a rel=\"noreferrer noopener\" aria-label=\"\u00bb Datenschutzbeh\u00f6rde (\u00f6ffnet in neuem Tab)\" href=\"http:\/\/www.dsb.gv.at\/\" target=\"_blank\">\u00bb DATENSCHUTZBEH\u00d6RDE<\/a>.<\/p>\n<h3>SONSTIGES<\/h3>\n<p>Jede Daten\u00fcbertragung \u00fcber das Internet kann Sicherheitsl\u00fccken aufweisen. Ein l\u00fcckenloser Schutz der Daten vor einem Zugriff unbefugter Dritter ist trotz gr\u00f6\u00dfter Sorgfalt nicht m\u00f6glich!<\/p>\n<h3>KONTAKT<\/h3>\n<p>Unsere Kontaktdaten k\u00f6nnen Sie unserem \u00a0<a href=\"https:\/\/visionworxx.at\/web\/impressum\/\">\u00bb IMPRESSUM<\/a>\u00a0entnehmen.<\/p>\n<\/div>\n<p><p>\n        <a href=\"\/web\/kontakt\/\">Kontakt<\/a>\n    <\/p>\n<\/p>\n<p><p>\n        <a href=\"\/web\/impressum\/\">Impressum<\/a>\n    <\/p>\n<\/p>\n<p><p>\n        <a href=\"\/web\/datenschutz\/\">Datenschutz<\/a>\n    <\/p>\n<\/p>\n<p><!--more--><br \/>\n<!-- {\"type\":\"layout\",\"children\":[{\"type\":\"section\",\"props\":{\"image\":\"wp-content\\\/uploads\\\/2025\\\/06\\\/visionworxx_header_kontakt.jpg\",\"image_position\":\"center-center\",\"style\":\"default\",\"title_breakpoint\":\"xl\",\"title_position\":\"top-left\",\"title_rotation\":\"left\",\"vertical_align\":\"middle\",\"width\":\"default\"},\"children\":[{\"type\":\"row\",\"children\":[{\"type\":\"column\",\"props\":{\"image_position\":\"center-center\",\"position_sticky_breakpoint\":\"m\"},\"children\":[{\"type\":\"headline\",\"props\":{\"content\":\"Datenschutzerkl\\u00e4rung\",\"title_element\":\"h1\"}}]}]}]},{\"type\":\"section\",\"props\":{\"image_position\":\"center-center\",\"style\":\"default\",\"title_breakpoint\":\"xl\",\"title_position\":\"top-left\",\"title_rotation\":\"left\",\"vertical_align\":\"middle\",\"width\":\"default\"},\"children\":[{\"type\":\"row\",\"children\":[{\"type\":\"column\",\"props\":{\"image_position\":\"center-center\",\"position_sticky_breakpoint\":\"m\",\"width_medium\":\"3-4\"},\"children\":[{\"type\":\"text\",\"props\":{\"column_breakpoint\":\"m\",\"content\":\"\n\n<p>Der Schutz Ihrer pers\\u00f6nlichen Daten ist uns ein besonderes Anliegen. Daher verarbeiten wir Ihre Daten ausschlie\\u00dflich auf Grundlage der gesetzlichen Bestimmungen. In unserer Datenschutzinformation informieren wir Sie \\u00fcber die wichtigsten Aspekte der Datenverarbeitung im Rahmen dieser Website.<\\\/p>\\n\n\n<h3>PERS\\u00d6NLICHE DATEN<\\\/h3>\\n\n\n<p>Ihre pers\\u00f6nlichen Daten, die Sie auf dieser Website elektronisch \\u00fcbermitteln (z. B.: Name, E-Mail-Adresse, Adresse oder \\u00e4hnliche pers\\u00f6nliche Angaben), werden von uns nur zum jeweils angegebenen Zweck verwendet, sicher verwahrt und nicht an Dritte weitergegeben.<br \\\/>Der Provider erhebt und speichert automatisch Informationen am Webserver wie verwendeter Browser, Betriebssystem, Verweisseite, IP-Adresse, Uhrzeit des Zugriffs usw. Diese Daten k\\u00f6nnen ohne Pr\\u00fcfung weiterer Datenquellen keinen bestimmten Personen zugeordnet werden und wir werten diese Daten auch nicht weiter aus solange keine rechtswidrige Nutzung unserer Webseite vorliegt.<\\\/p>\\n\n\n<h3>COOKIES<\\\/h3>\\n\n\n<p>Unsere Website verwendet so genannte Cookies. Dies sind kleinen Textdateien, die mit Hilfe des Browsers auf Ihrem Endger\\u00e4t (PC, Smartphone, Tablets, etc.) auf den Nutzer bezogene Informationen speichern. Sie richten keinen Schaden an.\\u00a0<br \\\/>Wir nutzen Cookies dazu, um unser Angebot nutzerfreundlich zu gestalten sowie die Nutzungsh\\u00e4ufigkeit und die Anzahl der Nutzer unserer Website zu ermitteln. Einige Cookies bleiben auf Ihrem Endger\\u00e4t gespeichert, bis Sie diese l\\u00f6schen. Sie erm\\u00f6glichen es uns, Ihren Browser beim n\\u00e4chsten Besuch wiederzuerkennen.\\u00a0Wenn Sie dies nicht w\\u00fcnschen, so k\\u00f6nnen Sie Ihren Browser so einrichten, dass er Sie \\u00fcber das Setzen von Cookies informiert und Sie dies nur im Einzelfall erlauben.\\u00a0Bei der Deaktivierung von Cookies kann die Funktionalit\\u00e4t unserer Website eingeschr\\u00e4nkt sein.\\u00a0<\\\/p>\\n\n\n<h3>GOOGLE ANALYTICS<\\\/h3>\\n\n\n<p>Diese Website benutzt, so wie viele andere auch, Google Analytics, einen Webanalysedienst der Google Inc. (\\u201eGoogle\\u201c), um eine Analyse der Benutzung der Website zu erm\\u00f6glichen. Dabei werden nachstehende Daten erhoben, gespeichert und ausgewertet: Browsertyp, Betriebssystem, Land, Datum, Uhrzeit und Dauer des Zugriffs, IP-Adresse, besuchte Seiten, Ein- und Ausstiegsseiten. Die Daten werden nicht dazu verwendet den Besucher dieser Website pers\\u00f6nlich zu identifizieren, es erfolgt somit kein Profiling.<\\\/p>\\n\n\n<p>Google Analytics wird nur mit aktivierter IP-Anonymisierung eingesetzt. Das bedeutet, Ihre IP-Adresse wird von Google innerhalb von Mitgliedstaaten der Europ\\u00e4ischen Union oder in anderen Vertragsstaaten des Abkommens \\u00fcber den Europ\\u00e4ischen Wirtschaftsraum gek\\u00fcrzt. Nur in Ausnahmef\\u00e4llen wird die volle IP-Adresse an einen Server von Google in den USA \\u00fcbertragen, dort gek\\u00fcrzt und gespeichert. Google wird diese Informationen benutzen, um Ihre Nutzung dieser Website auszuwerten, um Reports \\u00fcber die Websiteaktivit\\u00e4ten f\\u00fcr mich zusammenzustellen und um weitere mit der Websitenutzung und der Internetnutzung verbundene Dienstleistungen zu erbringen. Auch wird Google diese Informationen gegebenenfalls an Dritte \\u00fcbertragen, sofern dies gesetzlich vorgeschrieben ist oder soweit Dritte diese Daten im Auftrag von Google verarbeiten. Google wird Ihre IP-Adresse nicht mit anderen Daten von Google in Verbindung bringen. Die Rechtsbeziehung zu Google Inc. basiert auf dem zwischen EU und den USA abgeschlossenen EU-US Datenschutzschild (\\u201ePrivacy Shield\\u201c). Durch die Nutzung dieser Website erkl\\u00e4ren Sie sich mit der Bearbeitung der \\u00fcber Sie erhobenen Daten durch die Google Inc. und deren Tochtergesellschaften in der zuvor beschriebenen Art und Weise und zu dem zuvor benannten Zweck einverstanden. Eine Haftung f\\u00fcr das Verhalten der Google Inc. oder die Nutzung Ihrer Daten durch Google ist ausgeschlossen.<\\\/p>\\n\n\n<p>Die Datenverarbeitung erfolgt auf Basis der gesetzlichen Bestimmungen des \\u00a7 96 Abs 3 TKG, des Art 6 Abs 1 lit a (Einwilligung), Art 6 Abs 1 lit b (Vertragserf\\u00fcllung \\\/ Vorvertrag), Art 6 Abs 1 lit c (Erf\\u00fcllung rechtlicher Verpflichtungen) und\\\/oder f (berechtigtes Interesse) der DSGVO.<\\\/p>\\n\n\n<p>Sie k\\u00f6nnen die Speicherung der Cookies durch eine entsprechende Einstellung Ihrer Browser-Software verhindern; wir weisen Sie jedoch darauf hin, dass Sie in diesem Fall gegebenenfalls nicht s\\u00e4mtliche Funktionen dieser Website vollumf\\u00e4nglich werden nutzen k\\u00f6nnen. Sie k\\u00f6nnen dar\\u00fcber hinaus die Erfassung der durch das Cookie erzeugten und auf Ihre Nutzung der Website bezogenen Daten (inkl. Ihrer IP-Adresse) an Google sowie die Verarbeitung dieser Daten durch Google verhindern, indem sie das<span>\\u00a0<\\\/span><a href=\\\"http:\\\/\\\/tools.google.com\\\/dlpage\\\/gaoptout?hl=de\\\" target=\\\"_blank\\\" rel=\\\"noreferrer noopener\\\" aria-label=\\\"\\u00bb verf\\u00fcgbare Browser-Plugin herunterladen und installieren (\\u00f6ffnet in neuem Tab)\\\">\\u00bb verf\\u00fcgbare Browser-Plugin herunterladen und installieren<\\\/a>.<\\\/p>\\n\n\n<h3>GOOGLE MAPS<\\\/h3>\\n\n\n<p>Unsere Website verwendet Google Maps f\\u00fcr die Darstellung von Karteninformationen. Hierbei werden von Google auch Daten \\u00fcber die Nutzung der Maps-Funktionen durch Besucher der Website erhoben, verarbeitet und genutzt. N\\u00e4here Informationen \\u00fcber die Datenverarbeitung durch Google k\\u00f6nnen Sie den <a rel=\\\"noreferrer noopener\\\" aria-label=\\\"\\u00bb Datenschutzhinweisen von Google (\\u00f6ffnet in neuem Tab)\\\" href=\\\"http:\\\/\\\/www.google.at\\\/intl\\\/de\\\/policies\\\/privacy\\\/\\\" target=\\\"_blank\\\">\\u00bb Datenschutzhinweisen von Google<\\\/a> entnehmen.<\\\/p>\\n\n\n<h3>ALTERSGRENZE<\\\/h3>\\n\n\n<p>Die Angebote auf unserer Website richten sich ausschlie\\u00dflich und ausdr\\u00fccklich an Personen, die das 16. Lebensjahr vollendet haben und ihre ausdr\\u00fcckliche Einwilligung zur Datenverarbeitung entsprechend Art 8 Abs 1 DSGVO iVm Art 4 Abs 4 DSG erteilen k\\u00f6nnen. Zum Nachweis des Alters \\u00fcbermittelt der minderj\\u00e4hrige Nutzer der Online-Anbote binnen 14 Tagen ab Versand der Terminanfrage eine Ausweiskopie mit Foto samt Eidesst\\u00e4ttiger Erkl\\u00e4rung \\u00fcber sein Alter, sowie zus\\u00e4tzlich eine Einwilligungserkl\\u00e4rung der gesetzlichen Vertreter zur Datenverarbeitung. Die nationalen Bestimmungen des ABGB betreffend Vertragsabschl\\u00fcsse mit Minderj\\u00e4hrigen bleiben hievon unber\\u00fchrt.<\\\/p>\\n\n\n<h3>KONTAKTAUFAHME<\\\/h3>\\n\n\n<p>Durch Verwendung des Kontaktformulars, Terminvereinbarunen oder Versenden einer Email an uns, nehmen Sie zur Kenntnis und stimmen ausdr\\u00fccklich zu, dass Ihre angegebenen Daten zwecks Bearbeitung Ihrer Anfrage verarbeitet und gespeichert werden. Sie verpflichten sich zur Angabe ausschlie\\u00dflich korrekter und ausschlie\\u00dflich Ihre Person betreffende Daten. Sofern eine Anfrage f\\u00fcr einen Dritten (Angeh\\u00f6rige, Kinder, udgl) erfolgt, wird binnen 14 Tagen ab Kontaktaufnahme mit uns der schriftliche Nachweis der Einwilligung dieser Personen zur Datenverarbeitung erbracht. Sie nehmen zur Kenntnis und erkl\\u00e4ren sich damit einverstanden, dass eine etwaige Emailkorrespondenz mit uns per unverschl\\u00fcsselter Emails erfolgt.<\\\/p>\\n\n\n<h3>IHRE RECHTE<\\\/h3>\\n\n\n<p>Nach Erbringen eines ausreichenden Nachweises Ihrer Identit\\u00e4t stehen Ihnen folgende Rechte zu:<\\\/p>\\n\n\n<ul class=\\\"wp-block-list\\\">\\n\n\n<li>Das Recht auf Auskunft, welche personenbezogenen Daten von Ihnen gespeichert werden<\\\/li>\\n\n\n<li>Das Recht auf Berichtigung gespeicherter, personenbezogener Daten<\\\/li>\\n\n\n<li>Das Recht auf L\\u00f6schung der von Ihnen gespeicherten, personenbezogenen Daten<\\\/li>\\n\n\n<li>Das Recht auf Einschr\\u00e4nkung der Verarbeitung<\\\/li>\\n\n\n<li>Das Recht auf Herausgabe gespeicherter, personenbezogener Daten (Recht auf Daten\\u00fcbertragbarkeit)<\\\/li>\\n\n\n<li>Das Recht auf Widerspruch gegen die Verarbeitung Ihrer personenbezogenen Daten<\\\/li>\\n\n\n<li>Das Recht auf Widerruf einer erteilten Einverst\\u00e4ndniserkl\\u00e4rung, wobei die Rechtm\\u00e4\\u00dfigkeit der Verarbeitung Ihrer Daten bis zum Widerruf unber\\u00fchrt bleibt<\\\/li>\\n<\\\/ul>\\n\n\n<p>Wenn die Verarbeitung auf Ihrer\\u00a0Einwilligung beruht, haben Sie das Recht auf jederzeitigen Widerruf dieser Einwilligung. Der Widerruf ber\\u00fchrt die Rechtm\\u00e4\\u00dfigkeit der aufgrund der Einwilligung bis zum Widerruf erfolgten Verarbeitung nicht. F\\u00fcr den Fall, dass aufgrund des Widerrufs die weitere Mandatserf\\u00fcllung durch mich nicht m\\u00f6glich ist, behalte ich mir die Aufl\\u00f6sung des Vollmachtverh\\u00e4ltnisses vor.<\\\/p>\\n\n\n<p>Um Ihre Rechte auszu\\u00fcben senden Sie uns bitte ein Email, einen Brief oder vereinbaren Sie einen pers\\u00f6nlichen Termin unter Mitnahme eines g\\u00fcltigen Lichtbildausweises (zB Reisepass, F\\u00fchrerschein). Unsere Kontaktdaten entnehmen Sie bitte unserem<span>\\u00a0<\\\/span>&lt;u<a href=\\\"https:\\\/\\\/visionworxx.at\\\/web\\\/impressum\\\/\\\">\\u00bb IMPRESSUM<\\\/a>.<\\\/p>\\n\n\n<p>Wenn Sie der Meinung sind, dass die Verarbeitung Ihrer Daten gegen das Datenschutzrecht verst\\u00f6\\u00dft oder Ihre datenschutzrechtlichen Anspr\\u00fcche sonst in einer Weise verletzt worden sind, k\\u00f6nnen Sie sich bei der Aufsichtsbeh\\u00f6rde beschweren. In \\u00d6sterreich ist dies die<span>\\u00a0<\\\/span><a rel=\\\"noreferrer noopener\\\" aria-label=\\\"\\u00bb Datenschutzbeh\\u00f6rde (\\u00f6ffnet in neuem Tab)\\\" href=\\\"http:\\\/\\\/www.dsb.gv.at\\\/\\\" target=\\\"_blank\\\">\\u00bb DATENSCHUTZBEH\\u00d6RDE<\\\/a>.<\\\/p>\\n\n\n<h3>SONSTIGES<\\\/h3>\\n\n\n<p>Jede Daten\\u00fcbertragung \\u00fcber das Internet kann Sicherheitsl\\u00fccken aufweisen. Ein l\\u00fcckenloser Schutz der Daten vor einem Zugriff unbefugter Dritter ist trotz gr\\u00f6\\u00dfter Sorgfalt nicht m\\u00f6glich!<\\\/p>\\n\n\n<h3>KONTAKT<\\\/h3>\\n\n\n<p>Unsere Kontaktdaten k\\u00f6nnen Sie unserem \\u00a0<a href=\\\"https:\\\/\\\/visionworxx.at\\\/web\\\/impressum\\\/\\\">\\u00bb IMPRESSUM<\\\/a>\\u00a0entnehmen.<\\\/p>\",\"margin\":\"default\"}}]},{\"type\":\"column\",\"props\":{\"image_position\":\"center-center\",\"position_sticky_breakpoint\":\"m\",\"width_medium\":\"1-4\"},\"children\":[{\"type\":\"button\",\"props\":{\"grid_column_gap\":\"small\",\"grid_row_gap\":\"small\",\"margin\":\"default\"},\"children\":[{\"type\":\"button_item\",\"props\":{\"button_style\":\"primary\",\"content\":\"Kontakt\",\"dialog_layout\":\"modal\",\"dialog_offcanvas_flip\":true,\"icon_align\":\"left\",\"link\":\"kontakt\\\/\"}}]},{\"type\":\"button\",\"props\":{\"grid_column_gap\":\"small\",\"grid_row_gap\":\"small\",\"margin\":\"default\"},\"children\":[{\"type\":\"button_item\",\"props\":{\"button_style\":\"primary\",\"content\":\"Impressum\",\"dialog_layout\":\"modal\",\"dialog_offcanvas_flip\":true,\"icon_align\":\"left\",\"link\":\"impressum\\\/\"}}]},{\"type\":\"button\",\"props\":{\"grid_column_gap\":\"small\",\"grid_row_gap\":\"small\",\"margin\":\"default\"},\"children\":[{\"type\":\"button_item\",\"props\":{\"button_style\":\"default\",\"content\":\"Datenschutz\",\"dialog_layout\":\"modal\",\"dialog_offcanvas_flip\":true,\"icon_align\":\"left\",\"link\":\"datenschutz\\\/\"}}]}]}],\"props\":{\"layout\":\"3-4,1-4\"}}]}],\"version\":\"4.5.19\"} --><\/p>\n","protected":false},"excerpt":{"rendered":"<p>Datenschutzerkl\u00e4rung Der Schutz Ihrer pers\u00f6nlichen Daten ist uns ein besonderes Anliegen. Daher verarbeiten wir Ihre Daten ausschlie\u00dflich auf Grundlage der gesetzlichen Bestimmungen. In unserer Datenschutzinformation informieren wir Sie \u00fcber die wichtigsten Aspekte der Datenverarbeitung im Rahmen dieser Website. PERS\u00d6NLICHE DATEN Ihre pers\u00f6nlichen Daten, die Sie auf dieser Website elektronisch \u00fcbermitteln (z. B.: Name, E-Mail-Adresse, Adresse [&hellip;]<\/p>\n","protected":false},"author":1,"featured_media":0,"parent":0,"menu_order":3,"comment_status":"open","ping_status":"open","template":"","meta":{"_acf_changed":false,"footnotes":""},"class_list":["post-1346","page","type-page","status-publish","hentry"],"acf":[],"_links":{"self":[{"href":"https:\/\/visionworxx.at\/web\/wp-json\/wp\/v2\/pages\/1346","targetHints":{"allow":["GET"]}}],"collection":[{"href":"https:\/\/visionworxx.at\/web\/wp-json\/wp\/v2\/pages"}],"about":[{"href":"https:\/\/visionworxx.at\/web\/wp-json\/wp\/v2\/types\/page"}],"author":[{"embeddable":true,"href":"https:\/\/visionworxx.at\/web\/wp-json\/wp\/v2\/users\/1"}],"replies":[{"embeddable":true,"href":"https:\/\/visionworxx.at\/web\/wp-json\/wp\/v2\/comments?post=1346"}],"version-history":[{"count":12,"href":"https:\/\/visionworxx.at\/web\/wp-json\/wp\/v2\/pages\/1346\/revisions"}],"predecessor-version":[{"id":1644,"href":"https:\/\/visionworxx.at\/web\/wp-json\/wp\/v2\/pages\/1346\/revisions\/1644"}],"wp:attachment":[{"href":"https:\/\/visionworxx.at\/web\/wp-json\/wp\/v2\/media?parent=1346"}],"curies":[{"name":"wp","href":"https:\/\/api.w.org\/{rel}","templated":true}]}}